{"id":237,"date":"2024-06-03T21:13:52","date_gmt":"2024-06-03T21:13:52","guid":{"rendered":"https:\/\/itoproj.dsv.su.se\/?page_id=237"},"modified":"2025-10-07T15:08:40","modified_gmt":"2025-10-07T15:08:40","slug":"interna-it-system","status":"publish","type":"page","link":"https:\/\/itoproj.dsv.su.se\/index.php\/interna-it-system\/","title":{"rendered":"Interna IT-system"},"content":{"rendered":"\n<ul>\n<li><a href=\"https:\/\/git-scm.com\/\">Versionshanteringssystem<\/a> \u2013 anv\u00e4nds av spelutvecklarna f\u00f6r att spara k\u00e4llkod och skapa nya versioner<\/li>\n\n\n\n<li><a href=\"https:\/\/itoproj.dsv.su.se\/index.php\/saljstod-kundregister\/\">S\u00e4ljst\u00f6dssystem och kundregister (Excel-mallar)<\/a> \u2013 anv\u00e4nds av s\u00e4ljavdelningen och ekonomi<\/li>\n\n\n\n<li><a href=\"https:\/\/www.cgi.com\/se\/sv\/heroma\" target=\"_blank\" rel=\"noreferrer noopener\">L\u00f6nesystem<\/a> \u2013 anv\u00e4nds av ekonomiavdelningen<\/li>\n\n\n\n<li><a href=\"https:\/\/www.spiris.se\/ekonomiplattform\/skatt-bokslut\" target=\"_blank\" rel=\"noreferrer noopener\">Bokf\u00f6ringssystem<\/a> \u2013 anv\u00e4nds av ekonomiavdelningen<\/li>\n<\/ul>\n","protected":false},"excerpt":{"rendered":"","protected":false},"author":4,"featured_media":0,"parent":0,"menu_order":0,"comment_status":"closed","ping_status":"closed","template":"","meta":{"footnotes":""},"_links":{"self":[{"href":"https:\/\/itoproj.dsv.su.se\/index.php\/wp-json\/wp\/v2\/pages\/237"}],"collection":[{"href":"https:\/\/itoproj.dsv.su.se\/index.php\/wp-json\/wp\/v2\/pages"}],"about":[{"href":"https:\/\/itoproj.dsv.su.se\/index.php\/wp-json\/wp\/v2\/types\/page"}],"author":[{"embeddable":true,"href":"https:\/\/itoproj.dsv.su.se\/index.php\/wp-json\/wp\/v2\/users\/4"}],"replies":[{"embeddable":true,"href":"https:\/\/itoproj.dsv.su.se\/index.php\/wp-json\/wp\/v2\/comments?post=237"}],"version-history":[{"count":4,"href":"https:\/\/itoproj.dsv.su.se\/index.php\/wp-json\/wp\/v2\/pages\/237\/revisions"}],"predecessor-version":[{"id":741,"href":"https:\/\/itoproj.dsv.su.se\/index.php\/wp-json\/wp\/v2\/pages\/237\/revisions\/741"}],"wp:attachment":[{"href":"https:\/\/itoproj.dsv.su.se\/index.php\/wp-json\/wp\/v2\/media?parent=237"}],"curies":[{"name":"wp","href":"https:\/\/api.w.org\/{rel}","templated":true}]}}