{"id":218,"date":"2024-06-03T20:57:47","date_gmt":"2024-06-03T20:57:47","guid":{"rendered":"https:\/\/itoproj.dsv.su.se\/?page_id=218"},"modified":"2024-06-24T17:54:25","modified_gmt":"2024-06-24T17:54:25","slug":"finansiell-information-fran-http-www-proff-se","status":"publish","type":"page","link":"https:\/\/itoproj.dsv.su.se\/index.php\/finansiell-information-fran-http-www-proff-se\/","title":{"rendered":"Finansiell information fr\u00e5n http:\/\/www.proff.se\/"},"content":{"rendered":"\n<div class=\"wp-block-columns is-layout-flex wp-container-core-columns-is-layout-2 wp-block-columns-is-layout-flex\">\n<div class=\"wp-block-column protokollContainer finansInfo has-background is-layout-flow wp-block-column-is-layout-flow\" style=\"background-color:#ffffff;flex-basis:100%\"><div class=\"wp-block-image\">\n<figure class=\"aligncenter size-full is-resized\"><img loading=\"lazy\" decoding=\"async\" width=\"532\" height=\"86\" src=\"https:\/\/itoproj.dsv.su.se\/wp-content\/uploads\/2024\/06\/Skarmavbild-2024-06-24-kl.-19.17.41.png\" alt=\"\" class=\"wp-image-593\" style=\"width:319px;height:auto\" srcset=\"https:\/\/itoproj.dsv.su.se\/wp-content\/uploads\/2024\/06\/Skarmavbild-2024-06-24-kl.-19.17.41.png 532w, https:\/\/itoproj.dsv.su.se\/wp-content\/uploads\/2024\/06\/Skarmavbild-2024-06-24-kl.-19.17.41-300x48.png 300w, https:\/\/itoproj.dsv.su.se\/wp-content\/uploads\/2024\/06\/Skarmavbild-2024-06-24-kl.-19.17.41-100x16.png 100w, https:\/\/itoproj.dsv.su.se\/wp-content\/uploads\/2024\/06\/Skarmavbild-2024-06-24-kl.-19.17.41-150x24.png 150w, https:\/\/itoproj.dsv.su.se\/wp-content\/uploads\/2024\/06\/Skarmavbild-2024-06-24-kl.-19.17.41-200x32.png 200w, https:\/\/itoproj.dsv.su.se\/wp-content\/uploads\/2024\/06\/Skarmavbild-2024-06-24-kl.-19.17.41-450x73.png 450w\" sizes=\"(max-width: 532px) 100vw, 532px\" \/><\/figure><\/div>\n\n\n<h2 class=\"wp-block-heading has-text-align-left\">AFFE AB<\/h2>\n\n\n\n<hr class=\"wp-block-separator has-text-color has-alpha-channel-opacity has-background is-style-wide\" style=\"background-color:#d8d8d8;color:#d8d8d8\"\/>\n\n\n\n<div class=\"wp-block-group is-nowrap is-layout-flex wp-container-core-group-is-layout-1 wp-block-group-is-layout-flex\">\n<p><strong>Bransch:<\/strong><\/p>\n\n\n\n<p>Datautvecklare<\/p>\n<\/div>\n\n\n\n<hr class=\"wp-block-separator has-text-color has-alpha-channel-opacity has-background is-style-wide\" style=\"background-color:#d8d8d8;color:#d8d8d8\"\/>\n\n\n\n<div class=\"wp-block-group is-layout-flex wp-block-group-is-layout-flex\">\n<h2 class=\"wp-block-heading\">\u00d6VERSIKT<\/h2>\n<\/div>\n\n\n\n<div class=\"wp-block-group\"><div class=\"wp-block-group__inner-container is-layout-constrained wp-block-group-is-layout-constrained\">\n<div class=\"wp-block-columns is-layout-flex wp-container-core-columns-is-layout-1 wp-block-columns-is-layout-flex\">\n<div class=\"wp-block-column is-layout-flow wp-block-column-is-layout-flow\">\n<p>Bolagsform:<\/p>\n\n\n\n<div class=\"wp-block-group is-nowrap is-layout-flex wp-container-core-group-is-layout-3 wp-block-group-is-layout-flex\">\n<h4 class=\"wp-block-heading\">Aktiebolag<\/h4>\n<\/div>\n\n\n\n<p>Vinstmarginal:<\/p>\n\n\n\n<div class=\"wp-block-group is-nowrap is-layout-flex wp-container-core-group-is-layout-4 wp-block-group-is-layout-flex\">\n<h4 class=\"wp-block-heading\">-5,1%<\/h4>\n\n\n\n<figure class=\"wp-block-image size-full is-resized\"><img loading=\"lazy\" decoding=\"async\" width=\"52\" height=\"48\" src=\"https:\/\/itoproj.dsv.su.se\/wp-content\/uploads\/2024\/06\/Skarmavbild-2024-06-24-kl.-19.34.21.png\" alt=\"\" class=\"wp-image-599\" style=\"width:30px\"\/><\/figure>\n<\/div>\n<\/div>\n\n\n\n<div class=\"wp-block-column is-layout-flow wp-block-column-is-layout-flow\">\n<p>Etablerings\u00e5r:<\/p>\n\n\n\n<div class=\"wp-block-group is-nowrap is-layout-flex wp-container-core-group-is-layout-5 wp-block-group-is-layout-flex\">\n<h4 class=\"wp-block-heading\">2000<\/h4>\n<\/div>\n\n\n\n<p>Kassalikviditet:<\/p>\n\n\n\n<div class=\"wp-block-group is-nowrap is-layout-flex wp-container-core-group-is-layout-6 wp-block-group-is-layout-flex\">\n<h4 class=\"wp-block-heading\">142,5%<\/h4>\n\n\n\n<figure class=\"wp-block-image size-full is-resized\"><img loading=\"lazy\" decoding=\"async\" width=\"52\" height=\"48\" src=\"https:\/\/itoproj.dsv.su.se\/wp-content\/uploads\/2024\/06\/Skarmavbild-2024-06-24-kl.-19.34.21.png\" alt=\"\" class=\"wp-image-599\" style=\"width:30px\"\/><\/figure>\n<\/div>\n<\/div>\n\n\n\n<div class=\"wp-block-column is-layout-flow wp-block-column-is-layout-flow\">\n<p>Anst\u00e4llda:<\/p>\n\n\n\n<div class=\"wp-block-group is-nowrap is-layout-flex wp-container-core-group-is-layout-7 wp-block-group-is-layout-flex\">\n<h4 class=\"wp-block-heading\">35<\/h4>\n<\/div>\n\n\n\n<p>Soliditet:<\/p>\n\n\n\n<div class=\"wp-block-group is-nowrap is-layout-flex wp-container-core-group-is-layout-8 wp-block-group-is-layout-flex\">\n<h4 class=\"wp-block-heading\">39,9%<\/h4>\n\n\n\n<figure class=\"wp-block-image size-full is-resized\"><img loading=\"lazy\" decoding=\"async\" width=\"52\" height=\"48\" src=\"https:\/\/itoproj.dsv.su.se\/wp-content\/uploads\/2024\/06\/Skarmavbild-2024-06-24-kl.-19.34.21.png\" alt=\"\" class=\"wp-image-599\" style=\"width:30px\"\/><\/figure>\n<\/div>\n<\/div>\n\n\n\n<div class=\"wp-block-column is-layout-flow wp-block-column-is-layout-flow\">\n<p>Oms\u00e4ttning 2017:<\/p>\n\n\n\n<div class=\"wp-block-group is-nowrap is-layout-flex wp-container-core-group-is-layout-9 wp-block-group-is-layout-flex\">\n<h4 class=\"wp-block-heading\">16 722&#8242; SEK<\/h4>\n\n\n\n<figure class=\"wp-block-image size-full is-resized\"><img loading=\"lazy\" decoding=\"async\" width=\"58\" height=\"50\" src=\"https:\/\/itoproj.dsv.su.se\/wp-content\/uploads\/2024\/06\/Skarmavbild-2024-06-24-kl.-19.28.12.png\" alt=\"\" class=\"wp-image-594\" style=\"width:30px\"\/><\/figure>\n<\/div>\n\n\n\n<p>Resultat e. fin. tillg. 2016:<\/p>\n\n\n\n<div class=\"wp-block-group is-nowrap is-layout-flex wp-container-core-group-is-layout-10 wp-block-group-is-layout-flex\">\n<h4 class=\"wp-block-heading\">-857&#8242; SEK<\/h4>\n\n\n\n<figure class=\"wp-block-image size-full is-resized\"><img loading=\"lazy\" decoding=\"async\" width=\"52\" height=\"48\" src=\"https:\/\/itoproj.dsv.su.se\/wp-content\/uploads\/2024\/06\/Skarmavbild-2024-06-24-kl.-19.34.21.png\" alt=\"\" class=\"wp-image-599\" style=\"width:30px\"\/><\/figure>\n<\/div>\n<\/div>\n<\/div>\n<\/div><\/div>\n\n\n\n<hr class=\"wp-block-separator has-text-color has-alpha-channel-opacity has-background is-style-wide\" style=\"background-color:#d8d8d8;color:#d8d8d8\"\/>\n\n\n\n<h2 class=\"wp-block-heading\">Nyckeltal<\/h2>\n\n\n\n<p>Belopp i hela 1000-tal<\/p>\n\n\n\n<figure class=\"wp-block-table\"><table><tbody><tr><td><\/td><td class=\"has-text-align-right\" data-align=\"right\"><strong>2018<\/strong><\/td><td class=\"has-text-align-right\" data-align=\"right\"><strong>2017<\/strong><\/td><td class=\"has-text-align-right\" data-align=\"right\"><strong>2016<\/strong><\/td><\/tr><tr><td><strong>Total oms\u00e4ttning<\/strong><\/td><td class=\"has-text-align-right\" data-align=\"right\">16 722<\/td><td class=\"has-text-align-right\" data-align=\"right\">16 289<\/td><td class=\"has-text-align-right\" data-align=\"right\">15 305<\/td><\/tr><tr><td><strong>Resultat e. fin. tillg.<\/strong><\/td><td class=\"has-text-align-right\" data-align=\"right\">-857<\/td><td class=\"has-text-align-right\" data-align=\"right\">864<\/td><td class=\"has-text-align-right\" data-align=\"right\">-367<\/td><\/tr><tr><td><strong>Summa tillg\u00e5ngar<\/strong><\/td><td class=\"has-text-align-right\" data-align=\"right\">4 034<\/td><td class=\"has-text-align-right\" data-align=\"right\">4 898<\/td><td class=\"has-text-align-right\" data-align=\"right\">4 345<\/td><\/tr><tr><td><strong>Vinstmarginal<\/strong><\/td><td class=\"has-text-align-right\" data-align=\"right\">-5,1<\/td><td class=\"has-text-align-right\" data-align=\"right\">5,3<\/td><td class=\"has-text-align-right\" data-align=\"right\">-2,3<\/td><\/tr><tr><td><strong>Soliditet<\/strong><\/td><td class=\"has-text-align-right\" data-align=\"right\">39,9<\/td><td class=\"has-text-align-right\" data-align=\"right\">47<\/td><td class=\"has-text-align-right\" data-align=\"right\">45,9<\/td><\/tr><tr><td>Valutakod<\/td><td class=\"has-text-align-right\" data-align=\"right\">SEK<\/td><td class=\"has-text-align-right\" data-align=\"right\">SEK<\/td><td class=\"has-text-align-right\" data-align=\"right\">SEK<\/td><\/tr><\/tbody><\/table><figcaption class=\"wp-element-caption\">K\u00e4lla: Soliditet<\/figcaption><\/figure>\n<\/div>\n<\/div>\n","protected":false},"excerpt":{"rendered":"<p>AFFE AB Bransch: Datautvecklare \u00d6VERSIKT Bolagsform: Aktiebolag Vinstmarginal: -5,1% Etablerings\u00e5r: 2000 Kassalikviditet: 142,5% Anst\u00e4llda: 35 Soliditet: 39,9% Oms\u00e4ttning 2017: 16 722&#8242; SEK Resultat e. fin. tillg. 2016: -857&#8242; SEK Nyckeltal Belopp i hela 1000-tal 2018 2017 2016 Total oms\u00e4ttning 16 &hellip;<\/p>\n<p class=\"read-more\"> <a class=\"more-link\" href=\"https:\/\/itoproj.dsv.su.se\/index.php\/finansiell-information-fran-http-www-proff-se\/\"> <span class=\"screen-reader-text\">Finansiell information fr\u00e5n http:\/\/www.proff.se\/<\/span> Read More &raquo;<\/a><\/p>\n","protected":false},"author":4,"featured_media":0,"parent":0,"menu_order":0,"comment_status":"closed","ping_status":"closed","template":"","meta":{"footnotes":""},"_links":{"self":[{"href":"https:\/\/itoproj.dsv.su.se\/index.php\/wp-json\/wp\/v2\/pages\/218"}],"collection":[{"href":"https:\/\/itoproj.dsv.su.se\/index.php\/wp-json\/wp\/v2\/pages"}],"about":[{"href":"https:\/\/itoproj.dsv.su.se\/index.php\/wp-json\/wp\/v2\/types\/page"}],"author":[{"embeddable":true,"href":"https:\/\/itoproj.dsv.su.se\/index.php\/wp-json\/wp\/v2\/users\/4"}],"replies":[{"embeddable":true,"href":"https:\/\/itoproj.dsv.su.se\/index.php\/wp-json\/wp\/v2\/comments?post=218"}],"version-history":[{"count":13,"href":"https:\/\/itoproj.dsv.su.se\/index.php\/wp-json\/wp\/v2\/pages\/218\/revisions"}],"predecessor-version":[{"id":611,"href":"https:\/\/itoproj.dsv.su.se\/index.php\/wp-json\/wp\/v2\/pages\/218\/revisions\/611"}],"wp:attachment":[{"href":"https:\/\/itoproj.dsv.su.se\/index.php\/wp-json\/wp\/v2\/media?parent=218"}],"curies":[{"name":"wp","href":"https:\/\/api.w.org\/{rel}","templated":true}]}}