{"id":213,"date":"2024-06-03T20:48:52","date_gmt":"2024-06-03T20:48:52","guid":{"rendered":"https:\/\/itoproj.dsv.su.se\/?page_id=213"},"modified":"2024-06-24T21:14:52","modified_gmt":"2024-06-24T21:14:52","slug":"utdrag-fran-twittersokningen-2","status":"publish","type":"page","link":"https:\/\/itoproj.dsv.su.se\/index.php\/utdrag-fran-twittersokningen-2\/","title":{"rendered":"Utdrag fr\u00e5n s\u00f6kning p\u00e5 X (tidigare Twitter)"},"content":{"rendered":"\n<div class=\"wp-block-columns is-layout-flex wp-container-core-columns-is-layout-1 wp-block-columns-is-layout-flex\">\n<div class=\"wp-block-column is-layout-flow wp-block-column-is-layout-flow\" style=\"flex-basis:20%\"><\/div>\n\n\n\n<div class=\"wp-block-column twitterSearch is-layout-flow wp-block-column-is-layout-flow\" style=\"flex-basis:70%\">\n<h2 class=\"wp-block-heading\">Resultat f\u00f6r Affespelet<\/h2>\n\n\n\n<p class=\"has-button-color-color has-text-color has-link-color wp-elements-25ee1c7be3ed4a2ea9e603cd3c3bd49b\">Topp \/ Alla<\/p>\n\n\n\n<hr class=\"wp-block-separator has-text-color has-alpha-channel-opacity has-background is-style-wide\" style=\"background-color:#ededed;color:#ededed\"\/>\n\n\n\n<div class=\"wp-block-group twitterRow is-content-justification-left is-nowrap is-layout-flex wp-container-core-group-is-layout-1 wp-block-group-is-layout-flex\"><div class=\"wp-block-avatar wp-duotone-000000-408fd9-1\"><img alt='Pauline Wiman Avatar' src='https:\/\/secure.gravatar.com\/avatar\/80c5fd8178bf9048fc0d0afb5726c575?s=50&#038;d=mm&#038;r=g' srcset='https:\/\/secure.gravatar.com\/avatar\/80c5fd8178bf9048fc0d0afb5726c575?s=100&#038;d=mm&#038;r=g 2x' class='avatar avatar-50 photo wp-block-avatar__image' height='50' width='50' \/><\/div>\n\n\n<h4 class=\"wp-block-heading\">Daniel Svensson<\/h4>\n\n\n\n<p class=\"has-text-color has-link-color wp-elements-65a6dcd482ec7179f7174aacabfc7a15\" style=\"color:#536471\">@ DanielSv<\/p>\n\n\n\n<p class=\"has-text-color has-link-color wp-elements-c928a1eed35c88bea1d2c2cee6a958be\" style=\"color:#536471\"><span class=\"css-1jxf684 r-bcqeeo r-1ttztb7 r-qvutc0 r-poiln3\" style=\"text-overflow: unset;\">\u00b7<\/span> <\/p>\n\n\n\n<p class=\"has-text-color has-link-color wp-elements-ab2d1b9effa5e65b4f8de00249a83c85\" style=\"color:#536471\">20h<\/p>\n<\/div>\n\n\n\n<p>Affespelet kr\u00e5nglar igen. Kunde inte f\u00f6rst\u00e5 hur man positionerar<br>f\u00f6retag i dynamiska marknaden<\/p>\n\n\n\n<hr class=\"wp-block-separator has-text-color has-alpha-channel-opacity has-background is-style-wide\" style=\"background-color:#ededed;color:#ededed\"\/>\n\n\n\n<div class=\"wp-block-group twitterRow is-content-justification-left is-nowrap is-layout-flex wp-container-core-group-is-layout-2 wp-block-group-is-layout-flex\"><div class=\"wp-block-avatar wp-duotone-020202-98df98-2\"><img alt='Pauline Wiman Avatar' src='https:\/\/secure.gravatar.com\/avatar\/80c5fd8178bf9048fc0d0afb5726c575?s=50&#038;d=mm&#038;r=g' srcset='https:\/\/secure.gravatar.com\/avatar\/80c5fd8178bf9048fc0d0afb5726c575?s=100&#038;d=mm&#038;r=g 2x' class='avatar avatar-50 photo wp-block-avatar__image' height='50' width='50' \/><\/div>\n\n\n<h4 class=\"wp-block-heading\">Christer Spetsbrink<\/h4>\n\n\n\n<p class=\"has-text-color has-link-color wp-elements-62d7428024e1639b66b0899f0e604755\" style=\"color:#536471\">@ spetsbrink<\/p>\n\n\n\n<p class=\"has-text-color has-link-color wp-elements-c928a1eed35c88bea1d2c2cee6a958be\" style=\"color:#536471\"><span class=\"css-1jxf684 r-bcqeeo r-1ttztb7 r-qvutc0 r-poiln3\" style=\"text-overflow: unset;\">\u00b7<\/span> <\/p>\n\n\n\n<p class=\"has-text-color has-link-color wp-elements-1933e649fb7bda0198839fa1e721e034\" style=\"color:#536471\">okt 1<\/p>\n<\/div>\n\n\n\n<p>Fick ett offert fr\u00e5n Affe som g\u00e4ller Affespelet. Spelet ser bra ut,<br>men vad dyrt den \u00e4r.<\/p>\n\n\n\n<hr class=\"wp-block-separator has-text-color has-alpha-channel-opacity has-background is-style-wide\" style=\"background-color:#ededed;color:#ededed\"\/>\n\n\n\n<div class=\"wp-block-group twitterRow is-content-justification-left is-nowrap is-layout-flex wp-container-core-group-is-layout-3 wp-block-group-is-layout-flex\"><div class=\"wp-block-avatar wp-duotone-000000-cfc263-3\"><img alt='Pauline Wiman Avatar' src='https:\/\/secure.gravatar.com\/avatar\/80c5fd8178bf9048fc0d0afb5726c575?s=50&#038;d=mm&#038;r=g' srcset='https:\/\/secure.gravatar.com\/avatar\/80c5fd8178bf9048fc0d0afb5726c575?s=100&#038;d=mm&#038;r=g 2x' class='avatar avatar-50 photo wp-block-avatar__image' height='50' width='50' \/><\/div>\n\n\n<h4 class=\"wp-block-heading\">Linus<\/h4>\n\n\n\n<p class=\"has-text-color has-link-color wp-elements-8c2bd352e09c481f9165d8347385c279\" style=\"color:#536471\">@ LinusH2003<\/p>\n\n\n\n<p class=\"has-text-color has-link-color wp-elements-c928a1eed35c88bea1d2c2cee6a958be\" style=\"color:#536471\"><span class=\"css-1jxf684 r-bcqeeo r-1ttztb7 r-qvutc0 r-poiln3\" style=\"text-overflow: unset;\">\u00b7<\/span> <\/p>\n\n\n\n<p class=\"has-text-color has-link-color wp-elements-7032c03946a857bb9e404007dfee47d5\" style=\"color:#536471\">sep 28<\/p>\n<\/div>\n\n\n\n<p>Testade Affespelet r\u00e4tt fascinerade men passar inte exakt till <br>v\u00e5rat lilla f\u00f6retag i tj\u00e4nstesektorn. Dessutom v\u00e4ldigt dyrt.<\/p>\n\n\n\n<hr class=\"wp-block-separator has-text-color has-alpha-channel-opacity has-background is-style-wide\" style=\"background-color:#ededed;color:#ededed\"\/>\n\n\n\n<div class=\"wp-block-group twitterRow is-content-justification-left is-nowrap is-layout-flex wp-container-core-group-is-layout-4 wp-block-group-is-layout-flex\"><div class=\"wp-block-avatar wp-duotone-020202-f6ae7b-4\"><img alt='Pauline Wiman Avatar' src='https:\/\/secure.gravatar.com\/avatar\/80c5fd8178bf9048fc0d0afb5726c575?s=50&#038;d=mm&#038;r=g' srcset='https:\/\/secure.gravatar.com\/avatar\/80c5fd8178bf9048fc0d0afb5726c575?s=100&#038;d=mm&#038;r=g 2x' class='avatar avatar-50 photo wp-block-avatar__image' height='50' width='50' \/><\/div>\n\n\n<h4 class=\"wp-block-heading\">MickeGrillRoggersson<\/h4>\n\n\n\n<p class=\"has-text-color has-link-color wp-elements-78894f831c373d894e5f1c62097004f6\" style=\"color:#536471\">@ mickeR2<\/p>\n\n\n\n<p class=\"has-text-color has-link-color wp-elements-c928a1eed35c88bea1d2c2cee6a958be\" style=\"color:#536471\"><span class=\"css-1jxf684 r-bcqeeo r-1ttztb7 r-qvutc0 r-poiln3\" style=\"text-overflow: unset;\">\u00b7<\/span> <\/p>\n\n\n\n<p class=\"has-text-color has-link-color wp-elements-7032c03946a857bb9e404007dfee47d5\" style=\"color:#536471\">sep 28<\/p>\n<\/div>\n\n\n\n<p>F\u00f6rs\u00f6kte prata med Affe om att l\u00e4gga nya funktioner till<br>Affespelet, men representanten begrep inte vad vi vill.<\/p>\n\n\n\n<hr class=\"wp-block-separator has-text-color has-alpha-channel-opacity has-background is-style-wide\" style=\"background-color:#ededed;color:#ededed\"\/>\n\n\n\n<div class=\"wp-block-group twitterRow is-content-justification-left is-nowrap is-layout-flex wp-container-core-group-is-layout-5 wp-block-group-is-layout-flex\"><div class=\"wp-block-avatar wp-duotone-020202-f6ae7b-5\"><img alt='Pauline Wiman Avatar' src='https:\/\/secure.gravatar.com\/avatar\/80c5fd8178bf9048fc0d0afb5726c575?s=50&#038;d=mm&#038;r=g' srcset='https:\/\/secure.gravatar.com\/avatar\/80c5fd8178bf9048fc0d0afb5726c575?s=100&#038;d=mm&#038;r=g 2x' class='avatar avatar-50 photo wp-block-avatar__image' height='50' width='50' \/><\/div>\n\n\n<h4 class=\"wp-block-heading\">MickeGrillRoggersson<\/h4>\n\n\n\n<p class=\"has-text-color has-link-color wp-elements-78894f831c373d894e5f1c62097004f6\" style=\"color:#536471\">@ mickeR2<\/p>\n\n\n\n<p class=\"has-text-color has-link-color wp-elements-c928a1eed35c88bea1d2c2cee6a958be\" style=\"color:#536471\"><span class=\"css-1jxf684 r-bcqeeo r-1ttztb7 r-qvutc0 r-poiln3\" style=\"text-overflow: unset;\">\u00b7<\/span> <\/p>\n\n\n\n<p class=\"has-text-color has-link-color wp-elements-7032c03946a857bb9e404007dfee47d5\" style=\"color:#536471\">sep 28<\/p>\n<\/div>\n\n\n\n<p>B\u00f6rjade en session med Affespelet. Gick r\u00e4tt bra, men det<br>fattas funktionalitet som vi beh\u00f6ver.<\/p>\n\n\n\n<hr class=\"wp-block-separator has-text-color has-alpha-channel-opacity has-background is-style-wide\" style=\"background-color:#ededed;color:#ededed\"\/>\n\n\n\n<div class=\"wp-block-group twitterRow is-content-justification-left is-nowrap is-layout-flex wp-container-core-group-is-layout-6 wp-block-group-is-layout-flex\"><div class=\"wp-block-avatar wp-duotone-000000-0f6fca-6\"><img alt='Pauline Wiman Avatar' src='https:\/\/secure.gravatar.com\/avatar\/80c5fd8178bf9048fc0d0afb5726c575?s=50&#038;d=mm&#038;r=g' srcset='https:\/\/secure.gravatar.com\/avatar\/80c5fd8178bf9048fc0d0afb5726c575?s=100&#038;d=mm&#038;r=g 2x' class='avatar avatar-50 photo wp-block-avatar__image' height='50' width='50' \/><\/div>\n\n\n<h4 class=\"wp-block-heading\">Anna Vestg\u00e5rd<\/h4>\n\n\n\n<p class=\"has-text-color has-link-color wp-elements-8f64c685acc753cbc8278105e647eb1e\" style=\"color:#536471\">@ Vestg\u00e5rdAnna33<\/p>\n\n\n\n<p class=\"has-text-color has-link-color wp-elements-c928a1eed35c88bea1d2c2cee6a958be\" style=\"color:#536471\"><span class=\"css-1jxf684 r-bcqeeo r-1ttztb7 r-qvutc0 r-poiln3\" style=\"text-overflow: unset;\">\u00b7<\/span> <\/p>\n\n\n\n<p class=\"has-text-color has-link-color wp-elements-31bb32f1b8952bc2a7c08fc93491d586\" style=\"color:#536471\">sep 27<\/p>\n<\/div>\n\n\n\n<p>Fick tips om Affespelet. Vet n\u00e5gon om den passar till medelstora<br>f\u00f6retag i tj\u00e4nstesektorn. Finns det n\u00e5gon som anv\u00e4nder det d\u00e4r?<\/p>\n\n\n\n<hr class=\"wp-block-separator has-text-color has-alpha-channel-opacity has-background is-style-wide\" style=\"background-color:#ededed;color:#ededed\"\/>\n<\/div>\n\n\n\n<div class=\"wp-block-column is-layout-flow wp-block-column-is-layout-flow\" style=\"flex-basis:15%\"><\/div>\n<\/div>\n","protected":false},"excerpt":{"rendered":"<p>Resultat f\u00f6r Affespelet Topp \/ Alla Daniel Svensson @ DanielSv \u00b7 20h Affespelet kr\u00e5nglar igen. Kunde inte f\u00f6rst\u00e5 hur man positionerarf\u00f6retag i dynamiska marknaden Christer Spetsbrink @ spetsbrink \u00b7 okt 1 Fick ett offert fr\u00e5n Affe som g\u00e4ller Affespelet. Spelet &hellip;<\/p>\n<p class=\"read-more\"> <a class=\"more-link\" href=\"https:\/\/itoproj.dsv.su.se\/index.php\/utdrag-fran-twittersokningen-2\/\"> <span class=\"screen-reader-text\">Utdrag fr\u00e5n s\u00f6kning p\u00e5 X (tidigare Twitter)<\/span> Read More &raquo;<\/a><\/p>\n","protected":false},"author":4,"featured_media":0,"parent":0,"menu_order":0,"comment_status":"closed","ping_status":"closed","template":"","meta":{"footnotes":""},"_links":{"self":[{"href":"https:\/\/itoproj.dsv.su.se\/index.php\/wp-json\/wp\/v2\/pages\/213"}],"collection":[{"href":"https:\/\/itoproj.dsv.su.se\/index.php\/wp-json\/wp\/v2\/pages"}],"about":[{"href":"https:\/\/itoproj.dsv.su.se\/index.php\/wp-json\/wp\/v2\/types\/page"}],"author":[{"embeddable":true,"href":"https:\/\/itoproj.dsv.su.se\/index.php\/wp-json\/wp\/v2\/users\/4"}],"replies":[{"embeddable":true,"href":"https:\/\/itoproj.dsv.su.se\/index.php\/wp-json\/wp\/v2\/comments?post=213"}],"version-history":[{"count":21,"href":"https:\/\/itoproj.dsv.su.se\/index.php\/wp-json\/wp\/v2\/pages\/213\/revisions"}],"predecessor-version":[{"id":627,"href":"https:\/\/itoproj.dsv.su.se\/index.php\/wp-json\/wp\/v2\/pages\/213\/revisions\/627"}],"wp:attachment":[{"href":"https:\/\/itoproj.dsv.su.se\/index.php\/wp-json\/wp\/v2\/media?parent=213"}],"curies":[{"name":"wp","href":"https:\/\/api.w.org\/{rel}","templated":true}]}}