{"id":21,"date":"2024-06-03T08:03:17","date_gmt":"2024-06-03T08:03:17","guid":{"rendered":"https:\/\/itoproj.dsv.su.se\/?page_id=21"},"modified":"2024-10-05T17:36:18","modified_gmt":"2024-10-05T17:36:18","slug":"uppgift-a-planera-projektarbetet","status":"publish","type":"page","link":"https:\/\/itoproj.dsv.su.se\/index.php\/uppgift-a-planera-projektarbetet\/","title":{"rendered":"Uppgift A. Planera projektarbetet"},"content":{"rendered":"\n<div class=\"wp-block-columns is-layout-flex wp-container-core-columns-is-layout-1 wp-block-columns-is-layout-flex\">\n<div class=\"wp-block-column is-layout-flow wp-block-column-is-layout-flow\" style=\"flex-basis:15%\"><\/div>\n\n\n\n<div class=\"wp-block-column is-layout-flow wp-block-column-is-layout-flow\" style=\"flex-basis:70%\">\n<p>G\u00f6r en <strong>plan \u00f6ver projektarbetet i tabellform <\/strong>med information om de aktiviteter\/uppgifter ni kommer att genomf\u00f6ra. Ta med datum f\u00f6r n\u00e4r varje uppgift \u00e4r planerad att p\u00e5b\u00f6rjas och avslutas och datum f\u00f6r n\u00e4r varje uppgift faktiskt har p\u00e5b\u00f6rjats och avslutats (fylls l\u00f6pande i under projektet).<\/p>\n\n\n\n<p>Sammanlagt b\u00f6r gruppen ha 5 medlemmar * 9 dagar * 8 timmar = 360 timmar f\u00f6r att arbeta med projektuppgiften (f\u00f6rel\u00e4sningar, inl\u00e4sning av kursmaterial och annat inte medr\u00e4knat). Enklast \u00e4r att g\u00f6ra planen i ett kalkylark, d\u00e5 ni enkelt kan summera ihop den totala arbetstiden. Notera, ni l\u00f6pande i projektet dokumenterar faktisk tids\u00e5tg\u00e5ng och faktiskt p\u00e5b\u00f6rjat och avslutat datum f\u00f6r uppgifterna s\u00e5 ni senare kan bed\u00f6ma och l\u00e4ra av er planering.<\/p>\n\n\n\n<p>Den f\u00e4rdiga planen ska till exempel kunna anv\u00e4ndas f\u00f6r att p\u00e5 ett enkelt s\u00e4tt besvara f\u00f6ljande fr\u00e5gor:<\/p>\n\n\n\n<ul>\n<li><strong>N\u00e4r planeras aktivitet X startas och n\u00e4r planeras den vara klar?<\/strong><\/li>\n\n\n\n<li><strong>Hur m\u00e5nga timmar tar det att genomf\u00f6ra aktivitet X?<\/strong><\/li>\n\n\n\n<li><strong>Hur m\u00e5nga timmar har det tagit att genomf\u00f6ra aktivitet X?<\/strong><\/li>\n<\/ul>\n\n\n\n<p>Testa er plan s\u00e5 att den kan besvara ovanst\u00e5ende fr\u00e5gor.<\/p>\n\n\n\n<p>Jobba helst i grupp p\u00e5 fem (eller sex) personer f\u00f6r alla uppgifterna A-L. Om ni delar upp arbetet i mindre grupper s\u00e5 b\u00f6r ni planera in tid f\u00f6r gemensamma m\u00f6ten d\u00e5 de olika delgrupperna beskriver resultatet och ber\u00e4ttar om vilka problem de st\u00f6tt p\u00e5 med uppgifterna och hur de l\u00f6st dessa problem. De uppgifter nedan som \u00e4r mest tidskr\u00e4vande \u00e4r uppgifterna A-H, K-L. De kr\u00e4ver kanske minst dubbelt s\u00e5 m\u00e5nga timmar som de \u00f6vriga. De \u00e4r ocks\u00e5 de som \u00e4r viktigast f\u00f6r att senare klara tentamen och d\u00e4rf\u00f6r viktigast att ni jobbar tillsammans med.<\/p>\n<\/div>\n\n\n\n<div class=\"wp-block-column is-layout-flow wp-block-column-is-layout-flow\" style=\"flex-basis:15%\"><\/div>\n<\/div>\n","protected":false},"excerpt":{"rendered":"<p>G\u00f6r en plan \u00f6ver projektarbetet i tabellform med information om de aktiviteter\/uppgifter ni kommer att genomf\u00f6ra. Ta med datum f\u00f6r n\u00e4r varje uppgift \u00e4r planerad att p\u00e5b\u00f6rjas och avslutas och datum f\u00f6r n\u00e4r varje uppgift faktiskt har p\u00e5b\u00f6rjats och avslutats &hellip;<\/p>\n<p class=\"read-more\"> <a class=\"more-link\" href=\"https:\/\/itoproj.dsv.su.se\/index.php\/uppgift-a-planera-projektarbetet\/\"> <span class=\"screen-reader-text\">Uppgift A. Planera projektarbetet<\/span> Read More &raquo;<\/a><\/p>\n","protected":false},"author":4,"featured_media":0,"parent":0,"menu_order":0,"comment_status":"closed","ping_status":"closed","template":"","meta":{"footnotes":""},"_links":{"self":[{"href":"https:\/\/itoproj.dsv.su.se\/index.php\/wp-json\/wp\/v2\/pages\/21"}],"collection":[{"href":"https:\/\/itoproj.dsv.su.se\/index.php\/wp-json\/wp\/v2\/pages"}],"about":[{"href":"https:\/\/itoproj.dsv.su.se\/index.php\/wp-json\/wp\/v2\/types\/page"}],"author":[{"embeddable":true,"href":"https:\/\/itoproj.dsv.su.se\/index.php\/wp-json\/wp\/v2\/users\/4"}],"replies":[{"embeddable":true,"href":"https:\/\/itoproj.dsv.su.se\/index.php\/wp-json\/wp\/v2\/comments?post=21"}],"version-history":[{"count":5,"href":"https:\/\/itoproj.dsv.su.se\/index.php\/wp-json\/wp\/v2\/pages\/21\/revisions"}],"predecessor-version":[{"id":724,"href":"https:\/\/itoproj.dsv.su.se\/index.php\/wp-json\/wp\/v2\/pages\/21\/revisions\/724"}],"wp:attachment":[{"href":"https:\/\/itoproj.dsv.su.se\/index.php\/wp-json\/wp\/v2\/media?parent=21"}],"curies":[{"name":"wp","href":"https:\/\/api.w.org\/{rel}","templated":true}]}}