{"id":194,"date":"2024-06-03T20:19:02","date_gmt":"2024-06-03T20:19:02","guid":{"rendered":"https:\/\/itoproj.dsv.su.se\/?page_id=194"},"modified":"2025-10-07T15:06:10","modified_gmt":"2025-10-07T15:06:10","slug":"alla-kallor","status":"publish","type":"page","link":"https:\/\/itoproj.dsv.su.se\/index.php\/alla-kallor\/","title":{"rendered":"Alla k\u00e4llor"},"content":{"rendered":"\n<div class=\"wp-block-columns is-layout-flex wp-container-core-columns-is-layout-1 wp-block-columns-is-layout-flex\">\n<div class=\"wp-block-column is-layout-flow wp-block-column-is-layout-flow\" style=\"flex-basis:15%\"><\/div>\n\n\n\n<div class=\"wp-block-column sources-block is-layout-flow wp-block-column-is-layout-flow\" style=\"flex-basis:70%\">\n<h2 class=\"wp-block-heading\">Internetk\u00e4llor<\/h2>\n\n\n\n<p>Info som hittades p\u00e5 webben med l\u00e4nkar till sajter eller utdrag p\u00e5 information<\/p>\n\n\n\n<div class=\"wp-block-group\"><div class=\"wp-block-group__inner-container is-layout-constrained wp-block-group-is-layout-constrained\">\n<ul>\n<li><a href=\"https:\/\/affeab.dsv.su.se\/\">AFFE:s webbplats<\/a> \u2013 med information om f\u00f6retaget och dess produkter<\/li>\n\n\n\n<li><a href=\"https:\/\/itoproj.dsv.su.se\/index.php\/utdrag-fran-twittersokningen-2\/\">S\u00f6kning p\u00e5 X (tidigare Twitter)<\/a> \u2013 som visar vad kunder och potentiella kunder tycker om f\u00f6retagets produkter<\/li>\n\n\n\n<li><a href=\"https:\/\/itoproj.dsv.su.se\/index.php\/finansiell-information-fran-http-www-proff-se\/\">Finansiell information<\/a> \u2013 med information om f\u00f6retagets finansiella situation \u2013 som kan hittas enkelt p\u00e5 webben av kunder och aff\u00e4rspartners, se http:\/\/www.proff.se\/ (prova g\u00e4rna sj\u00e4lv att hitta finansiell info om ett f\u00f6retag ni k\u00e4nner)<\/li>\n<\/ul>\n\n\n\n<h2 class=\"wp-block-heading\">Intervjuer<\/h2>\n\n\n\n<ul>\n<li><a href=\"https:\/\/itoproj.dsv.su.se\/index.php\/intervjun-med-vd-om-foretagets-problem\/\">Intervjun med VD om f\u00f6retagets problem<\/a><\/li>\n\n\n\n<li><a href=\"https:\/\/itoproj.dsv.su.se\/index.php\/intervjun-med-saljchefen-om-forsaljningsprocessen\/\">Intervjun med s\u00e4ljchefen om f\u00f6rs\u00e4ljningsprocessen<\/a><\/li>\n\n\n\n<li><a href=\"https:\/\/itoproj.dsv.su.se\/index.php\/intervjun-med-utvecklingschefen-om-vidareutvecklingsprocessen\/\">Intervjun med utvecklingschefen om vidareutvecklingsprocessen<\/a><\/li>\n<\/ul>\n\n\n\n<h2 class=\"wp-block-heading\" id=\"interna-it-system\">Interna IT-system<\/h2>\n\n\n\n<ul>\n<li><a href=\"https:\/\/git-scm.com\/\">Versionshanteringssystem<\/a> \u2013 anv\u00e4nds av spelutvecklarna f\u00f6r att spara k\u00e4llkod och skapa nya versoner<\/li>\n\n\n\n<li><a href=\"https:\/\/itoproj.dsv.su.se\/index.php\/saljstod-kundregister\/\">S\u00e4ljst\u00f6dssystem och kundregister (eXcel-mallar)<\/a> \u2013 anv\u00e4nds av s\u00e4ljavdelningen och administrationen<\/li>\n\n\n\n<li><a href=\"https:\/\/www.cgi.com\/se\/sv\/heroma\" target=\"_blank\" rel=\"noreferrer noopener\">L\u00f6nesystem<\/a> \u2013 anv\u00e4nds av administration<\/li>\n\n\n\n<li><a href=\"https:\/\/www.spiris.se\/ekonomiplattform\/skatt-bokslut\" target=\"_blank\" rel=\"noreferrer noopener\">Bokf\u00f6ringssystem<\/a> \u2013 anv\u00e4nds av administration<\/li>\n<\/ul>\n\n\n\n<h2 class=\"wp-block-heading\">Interna dokument<\/h2>\n\n\n\n<ul>\n<li><a href=\"https:\/\/itoproj.dsv.su.se\/index.php\/motesprotokoll-om-onskade-forandringar-i-verksamheten\/\">Protokoll fr\u00e5n ledningsm\u00f6te 2019-08-30 om f\u00f6retagsledningens \u00f6nskade f\u00f6r\u00e4ndringar<\/a><\/li>\n<\/ul>\n<\/div><\/div>\n<\/div>\n\n\n\n<div class=\"wp-block-column is-layout-flow wp-block-column-is-layout-flow\" style=\"flex-basis:15%\"><\/div>\n<\/div>\n","protected":false},"excerpt":{"rendered":"<p>Internetk\u00e4llor Info som hittades p\u00e5 webben med l\u00e4nkar till sajter eller utdrag p\u00e5 information Intervjuer Interna IT-system Interna dokument<\/p>\n","protected":false},"author":4,"featured_media":0,"parent":0,"menu_order":0,"comment_status":"closed","ping_status":"closed","template":"","meta":{"footnotes":""},"_links":{"self":[{"href":"https:\/\/itoproj.dsv.su.se\/index.php\/wp-json\/wp\/v2\/pages\/194"}],"collection":[{"href":"https:\/\/itoproj.dsv.su.se\/index.php\/wp-json\/wp\/v2\/pages"}],"about":[{"href":"https:\/\/itoproj.dsv.su.se\/index.php\/wp-json\/wp\/v2\/types\/page"}],"author":[{"embeddable":true,"href":"https:\/\/itoproj.dsv.su.se\/index.php\/wp-json\/wp\/v2\/users\/4"}],"replies":[{"embeddable":true,"href":"https:\/\/itoproj.dsv.su.se\/index.php\/wp-json\/wp\/v2\/comments?post=194"}],"version-history":[{"count":19,"href":"https:\/\/itoproj.dsv.su.se\/index.php\/wp-json\/wp\/v2\/pages\/194\/revisions"}],"predecessor-version":[{"id":739,"href":"https:\/\/itoproj.dsv.su.se\/index.php\/wp-json\/wp\/v2\/pages\/194\/revisions\/739"}],"wp:attachment":[{"href":"https:\/\/itoproj.dsv.su.se\/index.php\/wp-json\/wp\/v2\/media?parent=194"}],"curies":[{"name":"wp","href":"https:\/\/api.w.org\/{rel}","templated":true}]}}