{"id":180,"date":"2024-06-03T10:59:15","date_gmt":"2024-06-03T10:59:15","guid":{"rendered":"https:\/\/itoproj.dsv.su.se\/?page_id=180"},"modified":"2024-06-04T09:32:44","modified_gmt":"2024-06-04T09:32:44","slug":"presentation","status":"publish","type":"page","link":"https:\/\/itoproj.dsv.su.se\/index.php\/presentation\/","title":{"rendered":"Presentation"},"content":{"rendered":"\n<div class=\"wp-block-columns is-layout-flex wp-container-core-columns-is-layout-1 wp-block-columns-is-layout-flex\">\n<div class=\"wp-block-column is-layout-flow wp-block-column-is-layout-flow\" style=\"flex-basis:15%\"><\/div>\n\n\n\n<div class=\"wp-block-column is-layout-flow wp-block-column-is-layout-flow\" style=\"flex-basis:70%\">\n<p>Gruppen skall under ca 15 minuter presentera f\u00f6rstudierapporten inf\u00f6r f\u00f6retaget AFFE.<\/p>\n\n\n\n<p>Mentorn och andra studentgrupper \u00e4r n\u00e4rvarande vid presentationen. Gruppen skall ha f\u00f6rberett en presentation i Powerpoint (eller liknande presentationsprogram). Alla i gruppen ska presentera.<\/p>\n\n\n\n<p>Dator och projektor kommer att finnas tillg\u00e4ngligt.<\/p>\n<\/div>\n\n\n\n<div class=\"wp-block-column is-layout-flow wp-block-column-is-layout-flow\" style=\"flex-basis:15%\"><\/div>\n<\/div>\n","protected":false},"excerpt":{"rendered":"<p>Gruppen skall under ca 15 minuter presentera f\u00f6rstudierapporten inf\u00f6r f\u00f6retaget AFFE. Mentorn och andra studentgrupper \u00e4r n\u00e4rvarande vid presentationen. Gruppen skall ha f\u00f6rberett en presentation i Powerpoint (eller liknande presentationsprogram). Alla i gruppen ska presentera. Dator och projektor kommer att &hellip;<\/p>\n<p class=\"read-more\"> <a class=\"more-link\" href=\"https:\/\/itoproj.dsv.su.se\/index.php\/presentation\/\"> <span class=\"screen-reader-text\">Presentation<\/span> Read More &raquo;<\/a><\/p>\n","protected":false},"author":4,"featured_media":0,"parent":0,"menu_order":0,"comment_status":"closed","ping_status":"closed","template":"","meta":{"footnotes":""},"_links":{"self":[{"href":"https:\/\/itoproj.dsv.su.se\/index.php\/wp-json\/wp\/v2\/pages\/180"}],"collection":[{"href":"https:\/\/itoproj.dsv.su.se\/index.php\/wp-json\/wp\/v2\/pages"}],"about":[{"href":"https:\/\/itoproj.dsv.su.se\/index.php\/wp-json\/wp\/v2\/types\/page"}],"author":[{"embeddable":true,"href":"https:\/\/itoproj.dsv.su.se\/index.php\/wp-json\/wp\/v2\/users\/4"}],"replies":[{"embeddable":true,"href":"https:\/\/itoproj.dsv.su.se\/index.php\/wp-json\/wp\/v2\/comments?post=180"}],"version-history":[{"count":3,"href":"https:\/\/itoproj.dsv.su.se\/index.php\/wp-json\/wp\/v2\/pages\/180\/revisions"}],"predecessor-version":[{"id":334,"href":"https:\/\/itoproj.dsv.su.se\/index.php\/wp-json\/wp\/v2\/pages\/180\/revisions\/334"}],"wp:attachment":[{"href":"https:\/\/itoproj.dsv.su.se\/index.php\/wp-json\/wp\/v2\/media?parent=180"}],"curies":[{"name":"wp","href":"https:\/\/api.w.org\/{rel}","templated":true}]}}