{"id":178,"date":"2024-06-03T10:58:48","date_gmt":"2024-06-03T10:58:48","guid":{"rendered":"https:\/\/itoproj.dsv.su.se\/?page_id=178"},"modified":"2024-10-02T14:06:52","modified_gmt":"2024-10-02T14:06:52","slug":"mote-2","status":"publish","type":"page","link":"https:\/\/itoproj.dsv.su.se\/index.php\/mote-2\/","title":{"rendered":"M\u00f6te 2"},"content":{"rendered":"\n<div class=\"wp-block-columns is-layout-flex wp-container-core-columns-is-layout-1 wp-block-columns-is-layout-flex\">\n<div class=\"wp-block-column is-layout-flow wp-block-column-is-layout-flow\" style=\"flex-basis:15%\"><\/div>\n\n\n\n<div class=\"wp-block-column is-layout-flow wp-block-column-is-layout-flow\" style=\"flex-basis:70%\">\n<p>Gruppen skall diskutera uppgifterna A-I med mentorn:<\/p>\n\n\n\n<ul>\n<li><a href=\"https:\/\/itoproj.dsv.su.se\/index.php\/uppgift-a-planera-projektarbetet\/\">Uppgift A.<\/a> Planera projektarbetet<\/li>\n\n\n\n<li><a href=\"https:\/\/itoproj.dsv.su.se\/index.php\/uppgift-b-beskriv-verksamhetens-nulage-som-ett-system-i-textform\/\">Uppgift B.<\/a> Beskriv verksamhetens nul\u00e4ge som ett system i textform<\/li>\n\n\n\n<li><a href=\"https:\/\/itoproj.dsv.su.se\/index.php\/uppgift-c-beskriv-grafiskt-foretagets-avdelningar-i-nulaget-i-idef0\/\">Uppgift C.<\/a> Beskriv grafiskt f\u00f6retagets avdelningar i nul\u00e4get i IDEF0<\/li>\n\n\n\n<li><a href=\"https:\/\/itoproj.dsv.su.se\/index.php\/uppgift-d-beskriv-grafiskt-verksamhetens-processer-i-nulaget-i-bpmn\/\">Uppgift D.<\/a> Beskriv grafiskt verksamhetens processer i nul\u00e4get i BPMN<\/li>\n\n\n\n<li><a href=\"https:\/\/itoproj.dsv.su.se\/index.php\/uppgift-e-definiera-verksamhetens-centrala-begrepp-termer-i-nulaget\/\">Uppgift E.<\/a> Definiera verksamhetens centrala begrepp\/termer i nul\u00e4get<\/li>\n\n\n\n<li><a href=\"https:\/\/itoproj.dsv.su.se\/index.php\/uppgift-f-beskriv-i-tabellform-verksamhetens-problem-orsaker-och-losningsforslag\/\">Uppgift F.<\/a> Beskriv i tabellform verksamhetens problem, orsaker och l\u00f6sningsf\u00f6rslag<\/li>\n\n\n\n<li><a href=\"https:\/\/itoproj.dsv.su.se\/index.php\/uppgift-g-beskriv-grafiskt-verksamhetens-mal-och-strategier-for-framtidslaget\/\">Uppgift G.<\/a> Beskriv grafiskt verksamhetens m\u00e5l och strategier f\u00f6r framtidsl\u00e4get<\/li>\n\n\n\n<li><a href=\"https:\/\/itoproj.dsv.su.se\/index.php\/uppgift-h-beskriv-i-textform-prioritering-bland-losningsforslag\/\">Uppgift H.<\/a> Beskriv i text prioritering bland l\u00f6sningsf\u00f6rslag<\/li>\n\n\n\n<li><a href=\"https:\/\/itoproj.dsv.su.se\/index.php\/uppgift-i-beskriv-i-text-foretagets-it-strategi\/\">Uppgift I.<\/a> Beskriv i text f\u00f6retagets IT-strategi<\/li>\n<\/ul>\n<\/div>\n\n\n\n<div class=\"wp-block-column is-layout-flow wp-block-column-is-layout-flow\" style=\"flex-basis:15%\"><\/div>\n<\/div>\n","protected":false},"excerpt":{"rendered":"<p>Gruppen skall diskutera uppgifterna A-I med mentorn:<\/p>\n","protected":false},"author":4,"featured_media":0,"parent":0,"menu_order":0,"comment_status":"closed","ping_status":"closed","template":"","meta":{"footnotes":""},"_links":{"self":[{"href":"https:\/\/itoproj.dsv.su.se\/index.php\/wp-json\/wp\/v2\/pages\/178"}],"collection":[{"href":"https:\/\/itoproj.dsv.su.se\/index.php\/wp-json\/wp\/v2\/pages"}],"about":[{"href":"https:\/\/itoproj.dsv.su.se\/index.php\/wp-json\/wp\/v2\/types\/page"}],"author":[{"embeddable":true,"href":"https:\/\/itoproj.dsv.su.se\/index.php\/wp-json\/wp\/v2\/users\/4"}],"replies":[{"embeddable":true,"href":"https:\/\/itoproj.dsv.su.se\/index.php\/wp-json\/wp\/v2\/comments?post=178"}],"version-history":[{"count":8,"href":"https:\/\/itoproj.dsv.su.se\/index.php\/wp-json\/wp\/v2\/pages\/178\/revisions"}],"predecessor-version":[{"id":717,"href":"https:\/\/itoproj.dsv.su.se\/index.php\/wp-json\/wp\/v2\/pages\/178\/revisions\/717"}],"wp:attachment":[{"href":"https:\/\/itoproj.dsv.su.se\/index.php\/wp-json\/wp\/v2\/media?parent=178"}],"curies":[{"name":"wp","href":"https:\/\/api.w.org\/{rel}","templated":true}]}}