{"id":176,"date":"2024-06-03T10:58:22","date_gmt":"2024-06-03T10:58:22","guid":{"rendered":"https:\/\/itoproj.dsv.su.se\/?page_id=176"},"modified":"2024-10-11T10:16:36","modified_gmt":"2024-10-11T10:16:36","slug":"mote-1","status":"publish","type":"page","link":"https:\/\/itoproj.dsv.su.se\/index.php\/mote-1\/","title":{"rendered":"M\u00f6te 1"},"content":{"rendered":"\n<div class=\"wp-block-columns is-layout-flex wp-container-core-columns-is-layout-1 wp-block-columns-is-layout-flex\">\n<div class=\"wp-block-column is-layout-flow wp-block-column-is-layout-flow\" style=\"flex-basis:15%\"><\/div>\n\n\n\n<div class=\"wp-block-column is-layout-flow wp-block-column-is-layout-flow\" style=\"flex-basis:70%\">\n<p>Gruppen skall diskutera uppgifterna A-E med mentorn:<\/p>\n\n\n\n<ul>\n<li><a href=\"https:\/\/itoproj.dsv.su.se\/index.php\/uppgift-a-planera-projektarbetet\/\">Uppgift A.<\/a> Planera projektarbetet<\/li>\n\n\n\n<li><a href=\"https:\/\/itoproj.dsv.su.se\/index.php\/uppgift-b-beskriv-verksamhetens-nulage-som-ett-system-i-textform\/\">Uppgift B.<\/a> Beskriv verksamhetens nul\u00e4ge som ett system i textform<\/li>\n\n\n\n<li><a href=\"https:\/\/itoproj.dsv.su.se\/index.php\/uppgift-c-beskriv-grafiskt-foretagets-avdelningar-i-nulaget-i-idef0\/\">Uppgift C. <\/a>Beskriv grafiskt f\u00f6retagets avdelningar i nul\u00e4get i IDEF0<\/li>\n\n\n\n<li><a href=\"https:\/\/itoproj.dsv.su.se\/index.php\/uppgift-d-beskriv-grafiskt-verksamhetens-processer-i-nulaget-i-bpmn\/\">Uppgift D.<\/a> Beskriv grafiskt verksamhetens processer i nul\u00e4get i BPMN<\/li>\n\n\n\n<li><a href=\"https:\/\/itoproj.dsv.su.se\/index.php\/uppgift-e-definiera-verksamhetens-centrala-begrepp-termer-i-nulaget\/\">Uppgift E.<\/a> Definiera verksamhetens centrala begrepp\/termer i nul\u00e4get<\/li>\n<\/ul>\n\n\n\n<p>Ta g\u00e4rna med en dator med HDMI eller USB-C anslutning s\u00e5 kan ni visa uppgifterna direkt p\u00e5 monitorn\/projektorn i redovisingssalen. Ni beh\u00f6ver inte infoga alla uppgifter i ett dokument.<\/p>\n<\/div>\n\n\n\n<div class=\"wp-block-column is-layout-flow wp-block-column-is-layout-flow\" style=\"flex-basis:15%\"><\/div>\n<\/div>\n","protected":false},"excerpt":{"rendered":"<p>Gruppen skall diskutera uppgifterna A-E med mentorn: Ta g\u00e4rna med en dator med HDMI eller USB-C anslutning s\u00e5 kan ni visa uppgifterna direkt p\u00e5 monitorn\/projektorn i redovisingssalen. Ni beh\u00f6ver inte infoga alla uppgifter i ett dokument.<\/p>\n","protected":false},"author":4,"featured_media":0,"parent":0,"menu_order":0,"comment_status":"closed","ping_status":"closed","template":"","meta":{"footnotes":""},"_links":{"self":[{"href":"https:\/\/itoproj.dsv.su.se\/index.php\/wp-json\/wp\/v2\/pages\/176"}],"collection":[{"href":"https:\/\/itoproj.dsv.su.se\/index.php\/wp-json\/wp\/v2\/pages"}],"about":[{"href":"https:\/\/itoproj.dsv.su.se\/index.php\/wp-json\/wp\/v2\/types\/page"}],"author":[{"embeddable":true,"href":"https:\/\/itoproj.dsv.su.se\/index.php\/wp-json\/wp\/v2\/users\/4"}],"replies":[{"embeddable":true,"href":"https:\/\/itoproj.dsv.su.se\/index.php\/wp-json\/wp\/v2\/comments?post=176"}],"version-history":[{"count":6,"href":"https:\/\/itoproj.dsv.su.se\/index.php\/wp-json\/wp\/v2\/pages\/176\/revisions"}],"predecessor-version":[{"id":731,"href":"https:\/\/itoproj.dsv.su.se\/index.php\/wp-json\/wp\/v2\/pages\/176\/revisions\/731"}],"wp:attachment":[{"href":"https:\/\/itoproj.dsv.su.se\/index.php\/wp-json\/wp\/v2\/media?parent=176"}],"curies":[{"name":"wp","href":"https:\/\/api.w.org\/{rel}","templated":true}]}}